{"id":36,"date":"2017-11-19T13:04:17","date_gmt":"2017-11-19T12:04:17","guid":{"rendered":"http:\/\/romanistisches-kolloquium.de\/dkv\/?page_id=36"},"modified":"2023-03-17T20:11:04","modified_gmt":"2023-03-17T19:11:04","slug":"mitgliedschaft","status":"publish","type":"page","link":"http:\/\/katalanistik.de\/ca\/ueber-den-dkv\/mitgliedschaft\/","title":{"rendered":"Fer-se soci del DKV"},"content":{"rendered":"<p><\/p>\n<p class=\"bodytext\">Podeu demanar la vostra admissi\u00f3 com a soci del DKV aqu\u00ed mateix, omplint el\u00a0<a href=\"http:\/\/katalanistik.de\/wp-content\/uploads\/sites\/10\/Formular_Beitritt.pdf\">formulari<\/a>.<\/p>\n<p class=\"bodytext\">Poden esdevenir membres de l&#8217;associaci\u00f3 tant persones f\u00edsiques com jur\u00eddiques. Hi ha dos tipus de membres: el normal i el de suport. Tots els membres tenen el mateix dret a votar a l\u2019assemblea de socis del DKV i es poden aprofitar dels serveis de l\u2019associaci\u00f3 per igual. La quota de soci actual per a membres normals \u00e9s de 25 euros l\u2019any, estudiants i aturats han de pagar 12,50 euros l&#8217;any. La quantitat de la quota anual dels membres promotors s&#8217;estableix individualment i parteix d&#8217;un m\u00ednim de 50 euros l&#8217;any. La quota de soci inclou l&#8217;enviament gratu\u00eft de les Mitteilungen des Deutschen Katalanistenverbandes, el butllet\u00ed de l&#8217;associaci\u00f3 que surt dues vegades l&#8217;any (\u00e9s en alemany, per\u00f2 hi ha tamb\u00e9 articles en catal\u00e0).<\/p>\n<p class=\"bodytext\">Per a m\u00e9s informaci\u00f3 sobre la qualitat de membre es pot consultar els\u00a0<a class=\"internal-link\" title=\"Opens internal link in current window\" href=\"http:\/\/www.katalanistik.de\/cat\/presentacio\/estatuts\/\">estatuts<\/a>\u00a0i l&#8217;<a class=\"internal-link\" title=\"Opens internal link in current window\" href=\"http:\/\/www.katalanistik.de\/cat\/presentacio\/estatuts\/\">ordre de quota<\/a>\u00a0del DKV.<\/p>\n<p><\/p>","protected":false},"excerpt":{"rendered":"<p>Podeu demanar la vostra admissi\u00f3 com a soci del DKV aqu\u00ed mateix, omplint el\u00a0formulari. Poden esdevenir membres de l&#8217;associaci\u00f3 tant persones f\u00edsiques com jur\u00eddiques. Hi ha dos tipus de membres: el normal i el de suport. Tots els membres tenen&hellip;<\/p>\n<p class=\"more-link-p\"><a class=\"more-link\" href=\"http:\/\/katalanistik.de\/ca\/ueber-den-dkv\/mitgliedschaft\/\">Read more &rarr;<\/a><\/p>\n","protected":false},"author":2,"featured_media":0,"parent":6,"menu_order":3,"comment_status":"closed","ping_status":"closed","template":"","meta":{"footnotes":"","_links_to":"","_links_to_target":""},"class_list":["post-36","page","type-page","status-publish","hentry"],"_links":{"self":[{"href":"http:\/\/katalanistik.de\/ca\/wp-json\/wp\/v2\/pages\/36","targetHints":{"allow":["GET"]}}],"collection":[{"href":"http:\/\/katalanistik.de\/ca\/wp-json\/wp\/v2\/pages"}],"about":[{"href":"http:\/\/katalanistik.de\/ca\/wp-json\/wp\/v2\/types\/page"}],"author":[{"embeddable":true,"href":"http:\/\/katalanistik.de\/ca\/wp-json\/wp\/v2\/users\/2"}],"replies":[{"embeddable":true,"href":"http:\/\/katalanistik.de\/ca\/wp-json\/wp\/v2\/comments?post=36"}],"version-history":[{"count":4,"href":"http:\/\/katalanistik.de\/ca\/wp-json\/wp\/v2\/pages\/36\/revisions"}],"predecessor-version":[{"id":260,"href":"http:\/\/katalanistik.de\/ca\/wp-json\/wp\/v2\/pages\/36\/revisions\/260"}],"up":[{"embeddable":true,"href":"http:\/\/katalanistik.de\/ca\/wp-json\/wp\/v2\/pages\/6"}],"wp:attachment":[{"href":"http:\/\/katalanistik.de\/ca\/wp-json\/wp\/v2\/media?parent=36"}],"curies":[{"name":"wp","href":"https:\/\/api.w.org\/{rel}","templated":true}]}}